{"id":5193,"date":"2023-03-29T15:29:07","date_gmt":"2023-03-29T13:29:07","guid":{"rendered":"https:\/\/lafenicegc.com\/news\/"},"modified":"2023-03-29T15:29:07","modified_gmt":"2023-03-29T13:29:07","slug":"news","status":"publish","type":"page","link":"https:\/\/lafenicegc.com\/fr\/news\/","title":{"rendered":"News"},"content":{"rendered":"        <div class=\"wp-block-getwid-custom-post-type custom-post-type-post has-layout-grid\">\r\n            <div class=\"wp-block-getwid-custom-post-type__wrapper getwid-columns getwid-columns-3\">\r\n                \t\t\t\t\t\t\t\t<div class='wp-block-getwid-custom-post-type__post'>\r\n\t\t\t\t\t\t\t\t\t\r\n<div class=\"wp-block-getwid-custom-post-type__post-wrapper\">\r\n            <div class=\"wp-block-getwid-custom-post-type__post-thumbnail\">\r\n            <a href=\"https:\/\/lafenicegc.com\/fr\/news\/certificazione-epd-per-la-fenice-ceramiche\/\"><img width=\"1151\" height=\"679\" src=\"https:\/\/lafenicegc.com\/wp-content\/uploads\/2025\/05\/Certificazione-qualita-Lafenice.jpg\" class=\"attachment-post-thumbnail size-post-thumbnail wp-post-image\" alt=\"\" loading=\"lazy\" srcset=\"https:\/\/lafenicegc.com\/wp-content\/uploads\/2025\/05\/Certificazione-qualita-Lafenice.jpg 1151w, https:\/\/lafenicegc.com\/wp-content\/uploads\/2025\/05\/Certificazione-qualita-Lafenice-980x578.jpg 980w, https:\/\/lafenicegc.com\/wp-content\/uploads\/2025\/05\/Certificazione-qualita-Lafenice-480x283.jpg 480w\" sizes=\"(min-width: 0px) and (max-width: 480px) 480px, (min-width: 481px) and (max-width: 980px) 980px, (min-width: 981px) 1151px, 100vw\" \/><\/a>\r\n        <\/div>\r\n        <div class=\"wp-block-getwid-custom-post-type__content-wrapper\">\r\n        <div class=\"wp-block-getwid-custom-post-type__post-header\">\r\n            <h3 class=\"wp-block-getwid-custom-post-type__post-title\"><a href=\"https:\/\/lafenicegc.com\/fr\/news\/certificazione-epd-per-la-fenice-ceramiche\/\">Certification EPD pour La Fenice Ceramiche<\/a><\/h3>        <\/div>\r\n        <div class=\"wp-block-getwid-custom-post-type__post-excerpt \"><p>La Fenice Ceramiche a obtenu la certification EPD ITALY au sein de l&rsquo;ECO PLATFORM EPD pour certains de ses produits. Une reconnaissance importante qui confirme l&rsquo;engagement de l&rsquo;entreprise en faveur d&rsquo;une production de qualit\u00e9 et d&rsquo;une recherche continue de solutions innovantes et durables. Cette \u00e9tape repr\u00e9sente non seulement une confirmation du chemin parcouru, mais aussi [&hellip;]<\/p>\n<\/div>\r\n    <\/div>\r\n<\/div>\r\n\t\t\t\t\t\t\t\t<\/div>\r\n\t\t\t\t\t\t\t\t\t\t\t\t\t\t\t<div class='wp-block-getwid-custom-post-type__post'>\r\n\t\t\t\t\t\t\t\t\t\r\n<div class=\"wp-block-getwid-custom-post-type__post-wrapper\">\r\n            <div class=\"wp-block-getwid-custom-post-type__post-thumbnail\">\r\n            <a href=\"https:\/\/lafenicegc.com\/fr\/news\/nuova-pressa-per-grandi-formati\/\"><img width=\"1000\" height=\"630\" src=\"https:\/\/lafenicegc.com\/wp-content\/uploads\/2025\/04\/La_Fenice-Pressa_Sacmi_PH8200_WEB.jpg\" class=\"attachment-post-thumbnail size-post-thumbnail wp-post-image\" alt=\"\" loading=\"lazy\" srcset=\"https:\/\/lafenicegc.com\/wp-content\/uploads\/2025\/04\/La_Fenice-Pressa_Sacmi_PH8200_WEB.jpg 1000w, https:\/\/lafenicegc.com\/wp-content\/uploads\/2025\/04\/La_Fenice-Pressa_Sacmi_PH8200_WEB-980x617.jpg 980w, https:\/\/lafenicegc.com\/wp-content\/uploads\/2025\/04\/La_Fenice-Pressa_Sacmi_PH8200_WEB-480x302.jpg 480w\" sizes=\"(min-width: 0px) and (max-width: 480px) 480px, (min-width: 481px) and (max-width: 980px) 980px, (min-width: 981px) 1000px, 100vw\" \/><\/a>\r\n        <\/div>\r\n        <div class=\"wp-block-getwid-custom-post-type__content-wrapper\">\r\n        <div class=\"wp-block-getwid-custom-post-type__post-header\">\r\n            <h3 class=\"wp-block-getwid-custom-post-type__post-title\"><a href=\"https:\/\/lafenicegc.com\/fr\/news\/nuova-pressa-per-grandi-formati\/\">Nouvelle presse pour grands formats<\/a><\/h3>        <\/div>\r\n        <div class=\"wp-block-getwid-custom-post-type__post-excerpt \"><p>La Fenice Ceramiche mise sur l&rsquo;innovation technologique Malgr\u00e9 les incertitudes des march\u00e9s mondiaux, des droits de douane et des politiques internationales en constante \u00e9volution, La Fenice Ceramiche regarde vers l&rsquo;avenir avec d\u00e9termination et investit dans la technologie pour \u00e9largir et diversifier son offre. L&rsquo;entreprise a r\u00e9cemment install\u00e9 une nouvelle presse Sacmi PH8200, \u00e9quip\u00e9e d&rsquo;une double [&hellip;]<\/p>\n<\/div>\r\n    <\/div>\r\n<\/div>\r\n\t\t\t\t\t\t\t\t<\/div>\r\n\t\t\t\t\t\t\t\t\t\t\t\t\t\t\t<div class='wp-block-getwid-custom-post-type__post'>\r\n\t\t\t\t\t\t\t\t\t\r\n<div class=\"wp-block-getwid-custom-post-type__post-wrapper\">\r\n            <div class=\"wp-block-getwid-custom-post-type__post-thumbnail\">\r\n            <a href=\"https:\/\/lafenicegc.com\/fr\/news\/cevisama-2025-le-futur-entre-innovation-et-design\/\"><img width=\"1000\" height=\"630\" src=\"https:\/\/lafenicegc.com\/wp-content\/uploads\/2025\/03\/Cevisama_2025_copertina-1.jpg\" class=\"attachment-post-thumbnail size-post-thumbnail wp-post-image\" alt=\"\" loading=\"lazy\" srcset=\"https:\/\/lafenicegc.com\/wp-content\/uploads\/2025\/03\/Cevisama_2025_copertina-1.jpg 1000w, https:\/\/lafenicegc.com\/wp-content\/uploads\/2025\/03\/Cevisama_2025_copertina-1-980x617.jpg 980w, https:\/\/lafenicegc.com\/wp-content\/uploads\/2025\/03\/Cevisama_2025_copertina-1-480x302.jpg 480w\" sizes=\"(min-width: 0px) and (max-width: 480px) 480px, (min-width: 481px) and (max-width: 980px) 980px, (min-width: 981px) 1000px, 100vw\" \/><\/a>\r\n        <\/div>\r\n        <div class=\"wp-block-getwid-custom-post-type__content-wrapper\">\r\n        <div class=\"wp-block-getwid-custom-post-type__post-header\">\r\n            <h3 class=\"wp-block-getwid-custom-post-type__post-title\"><a href=\"https:\/\/lafenicegc.com\/fr\/news\/cevisama-2025-le-futur-entre-innovation-et-design\/\">Cevisama 2025 : le futur entre innovation et design<\/a><\/h3>        <\/div>\r\n        <div class=\"wp-block-getwid-custom-post-type__post-excerpt \"><p>L&rsquo;\u00e9dition 2025 de Cevisama, le prestigieux salon international de la c\u00e9ramique et de l&rsquo;ameublement de salle de bains, vient de se terminer. Lors de l&rsquo;\u00e9v\u00e9nement organis\u00e9 \u00e0 Valence, l&rsquo;entreprise a pr\u00e9sent\u00e9 ses derni\u00e8res collections, caract\u00e9ris\u00e9es par un \u00e9quilibre parfait entre durabilit\u00e9 et design d&rsquo;avant-garde. Un grand int\u00e9r\u00eat a \u00e9t\u00e9 r\u00e9serv\u00e9 aux nouvelles surfaces, qui allient [&hellip;]<\/p>\n<\/div>\r\n    <\/div>\r\n<\/div>\r\n\t\t\t\t\t\t\t\t<\/div>\r\n\t\t\t\t\t\t\t\t\t\t\t\t\t\t\t<div class='wp-block-getwid-custom-post-type__post'>\r\n\t\t\t\t\t\t\t\t\t\r\n<div class=\"wp-block-getwid-custom-post-type__post-wrapper\">\r\n            <div class=\"wp-block-getwid-custom-post-type__post-thumbnail\">\r\n            <a href=\"https:\/\/lafenicegc.com\/fr\/news\/nouvelles-collections-au-cersaie-2024\/\"><img width=\"1000\" height=\"630\" src=\"https:\/\/lafenicegc.com\/wp-content\/uploads\/2024\/10\/Copertina-News-Collezioni-Settembre-2024-2.jpg\" class=\"attachment-post-thumbnail size-post-thumbnail wp-post-image\" alt=\"\" loading=\"lazy\" srcset=\"https:\/\/lafenicegc.com\/wp-content\/uploads\/2024\/10\/Copertina-News-Collezioni-Settembre-2024-2.jpg 1000w, https:\/\/lafenicegc.com\/wp-content\/uploads\/2024\/10\/Copertina-News-Collezioni-Settembre-2024-2-980x617.jpg 980w, https:\/\/lafenicegc.com\/wp-content\/uploads\/2024\/10\/Copertina-News-Collezioni-Settembre-2024-2-480x302.jpg 480w\" sizes=\"(min-width: 0px) and (max-width: 480px) 480px, (min-width: 481px) and (max-width: 980px) 980px, (min-width: 981px) 1000px, 100vw\" \/><\/a>\r\n        <\/div>\r\n        <div class=\"wp-block-getwid-custom-post-type__content-wrapper\">\r\n        <div class=\"wp-block-getwid-custom-post-type__post-header\">\r\n            <h3 class=\"wp-block-getwid-custom-post-type__post-title\"><a href=\"https:\/\/lafenicegc.com\/fr\/news\/nouvelles-collections-au-cersaie-2024\/\">Nouvelles collections au Cersaie 2024<\/a><\/h3>        <\/div>\r\n        <div class=\"wp-block-getwid-custom-post-type__post-excerpt \"><p>La Fenice Ceramiche, leader dans le secteur des surfaces c\u00e9ramiques, a d\u00e9voil\u00e9 ses nouvelles collections en premi\u00e8re mondiale lors du Cersaie 2024, l&rsquo;\u00e9v\u00e9nement international de r\u00e9f\u00e9rence du secteur c\u00e9ramique organis\u00e9 \u00e0 Bologne. Les nouvelles propositions de l&rsquo;entreprise allient innovation technologique et design contemporain, en s&rsquo;inspirant des derni\u00e8res tendances du march\u00e9. Regardez la vid\u00e9o pour d\u00e9couvrir [&hellip;]<\/p>\n<\/div>\r\n    <\/div>\r\n<\/div>\r\n\t\t\t\t\t\t\t\t<\/div>\r\n\t\t\t\t\t\t\t\t\t\t\t\t\t\t\t<div class='wp-block-getwid-custom-post-type__post'>\r\n\t\t\t\t\t\t\t\t\t\r\n<div class=\"wp-block-getwid-custom-post-type__post-wrapper\">\r\n            <div class=\"wp-block-getwid-custom-post-type__post-thumbnail\">\r\n            <a href=\"https:\/\/lafenicegc.com\/fr\/news\/cersaie-2024\/\"><img width=\"1000\" height=\"630\" src=\"https:\/\/lafenicegc.com\/wp-content\/uploads\/2024\/10\/La-Fenice_Cersaie-2024-2.jpg\" class=\"attachment-post-thumbnail size-post-thumbnail wp-post-image\" alt=\"\" loading=\"lazy\" srcset=\"https:\/\/lafenicegc.com\/wp-content\/uploads\/2024\/10\/La-Fenice_Cersaie-2024-2.jpg 1000w, https:\/\/lafenicegc.com\/wp-content\/uploads\/2024\/10\/La-Fenice_Cersaie-2024-2-980x617.jpg 980w, https:\/\/lafenicegc.com\/wp-content\/uploads\/2024\/10\/La-Fenice_Cersaie-2024-2-480x302.jpg 480w\" sizes=\"(min-width: 0px) and (max-width: 480px) 480px, (min-width: 481px) and (max-width: 980px) 980px, (min-width: 981px) 1000px, 100vw\" \/><\/a>\r\n        <\/div>\r\n        <div class=\"wp-block-getwid-custom-post-type__content-wrapper\">\r\n        <div class=\"wp-block-getwid-custom-post-type__post-header\">\r\n            <h3 class=\"wp-block-getwid-custom-post-type__post-title\"><a href=\"https:\/\/lafenicegc.com\/fr\/news\/cersaie-2024\/\">Cersaie 2024<\/a><\/h3>        <\/div>\r\n        <div class=\"wp-block-getwid-custom-post-type__post-excerpt \"><\/div>\r\n    <\/div>\r\n<\/div>\r\n\t\t\t\t\t\t\t\t<\/div>\r\n\t\t\t\t\t\t\t\t\t\t\t\t\t\t\t<div class='wp-block-getwid-custom-post-type__post'>\r\n\t\t\t\t\t\t\t\t\t\r\n<div class=\"wp-block-getwid-custom-post-type__post-wrapper\">\r\n            <div class=\"wp-block-getwid-custom-post-type__post-thumbnail\">\r\n            <a href=\"https:\/\/lafenicegc.com\/fr\/news\/la-fenice-ceramiche-al-coverings-2024\/\"><img width=\"1200\" height=\"800\" src=\"https:\/\/lafenicegc.com\/wp-content\/uploads\/2024\/05\/Copertina-News-Coverings-2024.jpg\" class=\"attachment-post-thumbnail size-post-thumbnail wp-post-image\" alt=\"\" loading=\"lazy\" srcset=\"https:\/\/lafenicegc.com\/wp-content\/uploads\/2024\/05\/Copertina-News-Coverings-2024.jpg 1200w, https:\/\/lafenicegc.com\/wp-content\/uploads\/2024\/05\/Copertina-News-Coverings-2024-980x653.jpg 980w, https:\/\/lafenicegc.com\/wp-content\/uploads\/2024\/05\/Copertina-News-Coverings-2024-480x320.jpg 480w\" sizes=\"(min-width: 0px) and (max-width: 480px) 480px, (min-width: 481px) and (max-width: 980px) 980px, (min-width: 981px) 1200px, 100vw\" \/><\/a>\r\n        <\/div>\r\n        <div class=\"wp-block-getwid-custom-post-type__content-wrapper\">\r\n        <div class=\"wp-block-getwid-custom-post-type__post-header\">\r\n            <h3 class=\"wp-block-getwid-custom-post-type__post-title\"><a href=\"https:\/\/lafenicegc.com\/fr\/news\/la-fenice-ceramiche-al-coverings-2024\/\">La Fenice Ceramiche au Coverings 2024<\/a><\/h3>        <\/div>\r\n        <div class=\"wp-block-getwid-custom-post-type__post-excerpt \"><p>Les nouvelles collections Fenice Ceramiche con\u00e7ues pour les go\u00fbts des march\u00e9s \u00e9trangers sont tr\u00e8s appr\u00e9ci\u00e9es aux \u00c9tats-Unis.Comme l&rsquo;a rappel\u00e9 le pr\u00e9sident Enrico Guidetti &#8211; dans l&rsquo;interview vid\u00e9o ci-dessous &#8211; La Fenice Ceramiche a remport\u00e9 du succ\u00e8s \u00e0 Coverings 2024 avec un stand qui pr\u00e9sentait les nouvelles lignes de la s\u00e9rie Antique Aurea<\/p>\n<\/div>\r\n    <\/div>\r\n<\/div>\r\n\t\t\t\t\t\t\t\t<\/div>\r\n\t\t\t\t\t\t\t\t\t\t\t\t\t\t\t<div class='wp-block-getwid-custom-post-type__post'>\r\n\t\t\t\t\t\t\t\t\t\r\n<div class=\"wp-block-getwid-custom-post-type__post-wrapper\">\r\n            <div class=\"wp-block-getwid-custom-post-type__post-thumbnail\">\r\n            <a href=\"https:\/\/lafenicegc.com\/fr\/news\/cersaie-2023\/\"><img width=\"1200\" height=\"800\" src=\"https:\/\/lafenicegc.com\/wp-content\/uploads\/2023\/10\/immagine-di-anteprima-la-fenice-25-OK.jpg\" class=\"attachment-post-thumbnail size-post-thumbnail wp-post-image\" alt=\"\" loading=\"lazy\" srcset=\"https:\/\/lafenicegc.com\/wp-content\/uploads\/2023\/10\/immagine-di-anteprima-la-fenice-25-OK.jpg 1200w, https:\/\/lafenicegc.com\/wp-content\/uploads\/2023\/10\/immagine-di-anteprima-la-fenice-25-OK-980x653.jpg 980w, https:\/\/lafenicegc.com\/wp-content\/uploads\/2023\/10\/immagine-di-anteprima-la-fenice-25-OK-480x320.jpg 480w\" sizes=\"(min-width: 0px) and (max-width: 480px) 480px, (min-width: 481px) and (max-width: 980px) 980px, (min-width: 981px) 1200px, 100vw\" \/><\/a>\r\n        <\/div>\r\n        <div class=\"wp-block-getwid-custom-post-type__content-wrapper\">\r\n        <div class=\"wp-block-getwid-custom-post-type__post-header\">\r\n            <h3 class=\"wp-block-getwid-custom-post-type__post-title\"><a href=\"https:\/\/lafenicegc.com\/fr\/news\/cersaie-2023\/\">Cersaie 2023<\/a><\/h3>        <\/div>\r\n        <div class=\"wp-block-getwid-custom-post-type__post-excerpt \"><\/div>\r\n    <\/div>\r\n<\/div>\r\n\t\t\t\t\t\t\t\t<\/div>\r\n\t\t\t\t\t\t\t\t\t\t\t\t\t\t\t<div class='wp-block-getwid-custom-post-type__post'>\r\n\t\t\t\t\t\t\t\t\t\r\n<div class=\"wp-block-getwid-custom-post-type__post-wrapper\">\r\n            <div class=\"wp-block-getwid-custom-post-type__post-thumbnail\">\r\n            <a href=\"https:\/\/lafenicegc.com\/fr\/news\/cevisama-2023\/\"><img width=\"1200\" height=\"800\" src=\"https:\/\/lafenicegc.com\/wp-content\/uploads\/2023\/03\/news-cevisama-2023.jpg\" class=\"attachment-post-thumbnail size-post-thumbnail wp-post-image\" alt=\"\" loading=\"lazy\" srcset=\"https:\/\/lafenicegc.com\/wp-content\/uploads\/2023\/03\/news-cevisama-2023.jpg 1200w, https:\/\/lafenicegc.com\/wp-content\/uploads\/2023\/03\/news-cevisama-2023-980x653.jpg 980w, https:\/\/lafenicegc.com\/wp-content\/uploads\/2023\/03\/news-cevisama-2023-480x320.jpg 480w\" sizes=\"(min-width: 0px) and (max-width: 480px) 480px, (min-width: 481px) and (max-width: 980px) 980px, (min-width: 981px) 1200px, 100vw\" \/><\/a>\r\n        <\/div>\r\n        <div class=\"wp-block-getwid-custom-post-type__content-wrapper\">\r\n        <div class=\"wp-block-getwid-custom-post-type__post-header\">\r\n            <h3 class=\"wp-block-getwid-custom-post-type__post-title\"><a href=\"https:\/\/lafenicegc.com\/fr\/news\/cevisama-2023\/\">Cevisama 2023<\/a><\/h3>        <\/div>\r\n        <div class=\"wp-block-getwid-custom-post-type__post-excerpt \"><p>Grand succ\u00e8s pour la derni\u00e8re s\u00e9rie pr\u00e9sent\u00e9e \u00e0 l&rsquo;\u00e9dition 2023 de Cevisama \u00e0 Valence. Une occasion unique de pr\u00e9senter les nouvelles collections et la ligne innovante de lavabos: les six inspirations du\u00a0Marble Velvet, la collection de lavabos Elite Details r\u00e9alis\u00e9s dans le m\u00eame mat\u00e9riau\u00a0et le combinaisons in-outdoor de la\u00a0Stone.Le salon a \u00e9galement \u00e9t\u00e9 l&rsquo;occasion d&rsquo;en [&hellip;]<\/p>\n<\/div>\r\n    <\/div>\r\n<\/div>\r\n\t\t\t\t\t\t\t\t<\/div>\r\n\t\t\t\t\t\t\t            <\/div>\r\n\r\n                    <\/div>\r\n        ","protected":false},"excerpt":{"rendered":"","protected":false},"author":1,"featured_media":0,"parent":0,"menu_order":0,"comment_status":"closed","ping_status":"closed","template":"","meta":{"_et_pb_use_builder":"","_et_pb_old_content":"","_et_gb_content_width":""},"yoast_head":"<!-- This site is optimized with the Yoast SEO plugin v19.13 - https:\/\/yoast.com\/wordpress\/plugins\/seo\/ -->\n<title>News - La Fenice srl<\/title>\n<meta name=\"robots\" content=\"index, follow, max-snippet:-1, max-image-preview:large, max-video-preview:-1\" \/>\n<link rel=\"canonical\" href=\"https:\/\/lafenicegc.com\/fr\/news\/\" \/>\n<meta property=\"og:locale\" content=\"fr_FR\" \/>\n<meta property=\"og:type\" content=\"article\" \/>\n<meta property=\"og:title\" content=\"News - La Fenice srl\" \/>\n<meta property=\"og:url\" content=\"https:\/\/lafenicegc.com\/fr\/news\/\" \/>\n<meta property=\"og:site_name\" content=\"La Fenice srl\" \/>\n<meta name=\"twitter:card\" content=\"summary_large_image\" \/>\n<script type=\"application\/ld+json\" class=\"yoast-schema-graph\">{\"@context\":\"https:\/\/schema.org\",\"@graph\":[{\"@type\":\"WebPage\",\"@id\":\"https:\/\/lafenicegc.com\/fr\/news\/\",\"url\":\"https:\/\/lafenicegc.com\/fr\/news\/\",\"name\":\"News - La Fenice srl\",\"isPartOf\":{\"@id\":\"https:\/\/lafenicegc.com\/#website\"},\"datePublished\":\"2023-03-29T13:29:07+00:00\",\"dateModified\":\"2023-03-29T13:29:07+00:00\",\"breadcrumb\":{\"@id\":\"https:\/\/lafenicegc.com\/fr\/news\/#breadcrumb\"},\"inLanguage\":\"fr-FR\",\"potentialAction\":[{\"@type\":\"ReadAction\",\"target\":[\"https:\/\/lafenicegc.com\/fr\/news\/\"]}]},{\"@type\":\"BreadcrumbList\",\"@id\":\"https:\/\/lafenicegc.com\/fr\/news\/#breadcrumb\",\"itemListElement\":[{\"@type\":\"ListItem\",\"position\":1,\"name\":\"La Fenice srl\",\"item\":\"https:\/\/lafenicegc.com\/fr\/\"},{\"@type\":\"ListItem\",\"position\":2,\"name\":\"News\"}]},{\"@type\":\"WebSite\",\"@id\":\"https:\/\/lafenicegc.com\/#website\",\"url\":\"https:\/\/lafenicegc.com\/\",\"name\":\"La Fenice srl\",\"description\":\"Qualit\u00e9 et Style du Made in Italy\",\"publisher\":{\"@id\":\"https:\/\/lafenicegc.com\/#organization\"},\"potentialAction\":[{\"@type\":\"SearchAction\",\"target\":{\"@type\":\"EntryPoint\",\"urlTemplate\":\"https:\/\/lafenicegc.com\/?s={search_term_string}\"},\"query-input\":\"required name=search_term_string\"}],\"inLanguage\":\"fr-FR\"},{\"@type\":\"Organization\",\"@id\":\"https:\/\/lafenicegc.com\/#organization\",\"name\":\"La Fenice srl\",\"url\":\"https:\/\/lafenicegc.com\/\",\"logo\":{\"@type\":\"ImageObject\",\"inLanguage\":\"fr-FR\",\"@id\":\"https:\/\/lafenicegc.com\/#\/schema\/logo\/image\/\",\"url\":\"https:\/\/lafenicegc.com\/wp-content\/uploads\/2022\/03\/lafenice-logo-nero.png\",\"contentUrl\":\"https:\/\/lafenicegc.com\/wp-content\/uploads\/2022\/03\/lafenice-logo-nero.png\",\"width\":800,\"height\":230,\"caption\":\"La Fenice srl\"},\"image\":{\"@id\":\"https:\/\/lafenicegc.com\/#\/schema\/logo\/image\/\"}}]}<\/script>\n<!-- \/ Yoast SEO plugin. -->","yoast_head_json":{"title":"News - La Fenice srl","robots":{"index":"index","follow":"follow","max-snippet":"max-snippet:-1","max-image-preview":"max-image-preview:large","max-video-preview":"max-video-preview:-1"},"canonical":"https:\/\/lafenicegc.com\/fr\/news\/","og_locale":"fr_FR","og_type":"article","og_title":"News - La Fenice srl","og_url":"https:\/\/lafenicegc.com\/fr\/news\/","og_site_name":"La Fenice srl","twitter_card":"summary_large_image","schema":{"@context":"https:\/\/schema.org","@graph":[{"@type":"WebPage","@id":"https:\/\/lafenicegc.com\/fr\/news\/","url":"https:\/\/lafenicegc.com\/fr\/news\/","name":"News - La Fenice srl","isPartOf":{"@id":"https:\/\/lafenicegc.com\/#website"},"datePublished":"2023-03-29T13:29:07+00:00","dateModified":"2023-03-29T13:29:07+00:00","breadcrumb":{"@id":"https:\/\/lafenicegc.com\/fr\/news\/#breadcrumb"},"inLanguage":"fr-FR","potentialAction":[{"@type":"ReadAction","target":["https:\/\/lafenicegc.com\/fr\/news\/"]}]},{"@type":"BreadcrumbList","@id":"https:\/\/lafenicegc.com\/fr\/news\/#breadcrumb","itemListElement":[{"@type":"ListItem","position":1,"name":"La Fenice srl","item":"https:\/\/lafenicegc.com\/fr\/"},{"@type":"ListItem","position":2,"name":"News"}]},{"@type":"WebSite","@id":"https:\/\/lafenicegc.com\/#website","url":"https:\/\/lafenicegc.com\/","name":"La Fenice srl","description":"Qualit\u00e9 et Style du Made in Italy","publisher":{"@id":"https:\/\/lafenicegc.com\/#organization"},"potentialAction":[{"@type":"SearchAction","target":{"@type":"EntryPoint","urlTemplate":"https:\/\/lafenicegc.com\/?s={search_term_string}"},"query-input":"required name=search_term_string"}],"inLanguage":"fr-FR"},{"@type":"Organization","@id":"https:\/\/lafenicegc.com\/#organization","name":"La Fenice srl","url":"https:\/\/lafenicegc.com\/","logo":{"@type":"ImageObject","inLanguage":"fr-FR","@id":"https:\/\/lafenicegc.com\/#\/schema\/logo\/image\/","url":"https:\/\/lafenicegc.com\/wp-content\/uploads\/2022\/03\/lafenice-logo-nero.png","contentUrl":"https:\/\/lafenicegc.com\/wp-content\/uploads\/2022\/03\/lafenice-logo-nero.png","width":800,"height":230,"caption":"La Fenice srl"},"image":{"@id":"https:\/\/lafenicegc.com\/#\/schema\/logo\/image\/"}}]}},"_links":{"self":[{"href":"https:\/\/lafenicegc.com\/fr\/wp-json\/wp\/v2\/pages\/5193"}],"collection":[{"href":"https:\/\/lafenicegc.com\/fr\/wp-json\/wp\/v2\/pages"}],"about":[{"href":"https:\/\/lafenicegc.com\/fr\/wp-json\/wp\/v2\/types\/page"}],"author":[{"embeddable":true,"href":"https:\/\/lafenicegc.com\/fr\/wp-json\/wp\/v2\/users\/1"}],"replies":[{"embeddable":true,"href":"https:\/\/lafenicegc.com\/fr\/wp-json\/wp\/v2\/comments?post=5193"}],"version-history":[{"count":0,"href":"https:\/\/lafenicegc.com\/fr\/wp-json\/wp\/v2\/pages\/5193\/revisions"}],"wp:attachment":[{"href":"https:\/\/lafenicegc.com\/fr\/wp-json\/wp\/v2\/media?parent=5193"}],"curies":[{"name":"wp","href":"https:\/\/api.w.org\/{rel}","templated":true}]}}